{"id":623,"date":"2024-07-04T15:41:12","date_gmt":"2024-07-04T13:41:12","guid":{"rendered":"https:\/\/agroma-poznan.empressia.dev\/?page_id=623"},"modified":"2024-08-21T14:30:09","modified_gmt":"2024-08-21T12:30:09","slug":"kariera","status":"publish","type":"page","link":"https:\/\/agroma-poznan.pl\/kariera\/","title":{"rendered":"Kariera"},"content":{"rendered":"<section class=\"hero hero--medium alignfull relative\" data-hero>\n\t\t\t<div class=\"absolute inset-0 -z-10\">\n\t\t\t\t\t\t\t                        \n\t<figure class=\"overflow-hidden size-full\">\n\n\t\t\n\t\t\t\t\t\t\t\t\t\n\t\t\t<img fetchpriority=\"high\" decoding=\"async\" src=\"https:\/\/agroma-poznan.pl\/wp-content\/uploads\/2024\/08\/Projekt-bez-nazwy-4.png\" srcset=\"https:\/\/agroma-poznan.pl\/wp-content\/uploads\/2024\/08\/Projekt-bez-nazwy-4.png 2000w, https:\/\/agroma-poznan.pl\/wp-content\/uploads\/2024\/08\/Projekt-bez-nazwy-4-300x100.png 300w, https:\/\/agroma-poznan.pl\/wp-content\/uploads\/2024\/08\/Projekt-bez-nazwy-4-1024x342.png 1024w, https:\/\/agroma-poznan.pl\/wp-content\/uploads\/2024\/08\/Projekt-bez-nazwy-4-768x256.png 768w, https:\/\/agroma-poznan.pl\/wp-content\/uploads\/2024\/08\/Projekt-bez-nazwy-4-1536x512.png 1536w, https:\/\/agroma-poznan.pl\/wp-content\/uploads\/2024\/08\/Projekt-bez-nazwy-4-500x167.png 500w\" sizes=\"(max-width: 2000px) 100vw, 2000px\" alt=\"Projekt bez nazwy (4)\" class=\"h-full w-full object-cover max-h-inherit\" width=\"2000\" height=\"667\"  loading=\"eager\"  \/>\n\n\t\t\n\t<\/figure>\n\n            \t\t\t\t\t\t\n\t\t\t<div class=\"absolute inset-0 bg-hero size-full\"><\/div>\n\t\t<\/div>\n\t\n\t<div class=\"container size-full flex flex-col justify-end\">\n\t\t\t\t\t<header class=\"hero__heading\">\n\t\t\t\t<span class=\"hero__decorator svg-container\">\n\t\t\t\t\t<svg xmlns=\"http:\/\/www.w3.org\/2000\/svg\"\n  width=\"266\"\n  height=\"318\"\n  viewBox=\"0 0 266 318\"\n  fill=\"none\">\n  <path d=\"M266 0H139.234L0 318H128.844L266 0Z\" fill=\"#009846\" \/>\n<\/svg>\n\n\t\t\t\t<\/span>\n\n\t\t\t\t<div class=\"heading__text\">\n\t\t\t\t\t<h1 class=\"text-h1\"><\/h1>\n\t\t\t\t\t\t\t\t\t\t\t<div class=\"hero__breadcrumbs\">\n\t\t\t\t\t\t\t<div class=\"breadcrumbs overflow-x-auto pb-clamp-12 lg:pb-0\">\n    <div class=\"breadcrumbs__inner\"><span><span><a href=\"https:\/\/agroma-poznan.pl\/\">Strona g\u0142\u00f3wna<\/a><\/span><\/span><\/div>\n<\/div>\n\t\t\t\t\t\t<\/div>\n\t\t\t\t\t\t\t\t\t<\/div>\n\t\t\t<\/header>\n\t\t\t<\/div>\n<\/section>\n\n\n<div style=\"height: clamp(8rem, 8vw, 16rem);\" aria-hidden=\"true\"><\/div>\n\n\n<section class=\"job-offers-grid space-y-clamp-64\"\n    >\n            <div class=\"space-y-clamp-16 max-w-[80ch]\">\n                            \n    <h2 class=\"text-h2  \">\n\n            Aktualne oferty pracy\n\n    <\/h2>\n\n                                        <div class=\"text-content\"><p>W tej chwili prowadzimy rekrutacj\u0119 na wymienione poni\u017cej stanowiska. Prosimy o przes\u0142anie aplikacji poprzez formularz w danej ofercie pracy.<\/p>\n<\/div>\n                    <\/div>\n    \n    <ul class=\"grid grid-cols-1 md:grid-cols-2 lg:grid-cols-3 gap-clamp-24\"\n        data-max-shown=\"6\">\n                                    <li>\n                    <div class=\"size-full flex flex-col p-clamp-40 bg-neutral-50 gap-clamp-48 justify-between\">\n    <div class=\"flex flex-col gap-clamp-16\">\n                    <div class=\"flex items-center gap-clamp-16\">\n                <span class=\"svg-container text-primary-50 shrink-0\">\n                    <svg xmlns=\"http:\/\/www.w3.org\/2000\/svg\"\n  width=\"21\"\n  height=\"20\"\n  viewBox=\"0 0 21 20\"\n  fill=\"none\">\n  <g clip-path=\"url(#clip0_375_7742)\">\n    <mask id=\"mask0_375_7742\"\n      style=\"mask-type:luminance\"\n      maskUnits=\"userSpaceOnUse\"\n      x=\"0\"\n      y=\"0\"\n      width=\"21\"\n      height=\"20\">\n      <path d=\"M0.5 1.90735e-06H20.5V20H0.5V1.90735e-06Z\" fill=\"white\" \/>\n    <\/mask>\n    <g mask=\"url(#mask0_375_7742)\">\n      <path d=\"M10.5004 19.3359C10.5004 19.3359 18.2761 14.7768 18.2761 8.36168C18.2761 4.06727 14.7948 0.585938 10.5004 0.585938C6.20594 0.585938 2.72461 4.06727 2.72461 8.36168C2.72461 14.7768 10.5004 19.3359 10.5004 19.3359Z\"\n        stroke=\"currentColor\"\n        stroke-miterlimit=\"10\" \/>\n      <path d=\"M13.3294 8.24059C13.3294 9.8023 12.0633 11.0684 10.5016 11.0684C8.93984 11.0684 7.67383 9.8023 7.67383 8.24059C7.67383 6.67887 8.93984 5.41281 10.5016 5.41281C12.0633 5.41281 13.3294 6.67887 13.3294 8.24059Z\"\n        stroke=\"currentColor\"\n        stroke-miterlimit=\"10\" \/>\n    <\/g>\n  <\/g>\n  <defs>\n    <clipPath id=\"clip0_375_7742\">\n      <rect width=\"20\" height=\"20\" fill=\"white\" transform=\"translate(0.5)\" \/>\n    <\/clipPath>\n  <\/defs>\n<\/svg>\n\n                <\/span>\n                <span class=\"text-paragraph-s text-neutral-900\">\n                    Konin Stare Miasto\n                <\/span>\n            <\/div>\n                <span class=\"text-h5\">Osoby na stanowisko Mechanika\/ osoba Pomocnika Mechanika<\/span>\n    <\/div>\n\n    <div class=\"flex gap-clamp-24 justify-between items-center\">\n        \n\t\n    \n        \n\t\t\t<a href=\"https:\/\/agroma-poznan.pl\/kariera\/mechanik\/\" target=\"_self\"  class=\"button primary shrink-0 \">\n\n\t\t\t\t<span>\n\t\t\t\t\tDowiedz si\u0119<br \/> wi\u0119cej\n\t\t\t\t<\/span>\n\n\t\t\t<\/a>\n\n        \n    \n\n        <span class=\"svg-container shrink\">\n            <svg xmlns=\"http:\/\/www.w3.org\/2000\/svg\"\n  width=\"66\"\n  height=\"36\"\n  viewBox=\"0 0 66 36\"\n  fill=\"none\">\n  <path d=\"M66 0H51.7031L36 36H50.5312L66 0Z\" fill=\"#009846\" \/>\n  <path d=\"M48 0H33.7031L18 36H32.5312L48 0Z\" fill=\"#FEDD00\" \/>\n  <path d=\"M30 0H15.7031L0 36H14.5312L30 0Z\" fill=\"#D80027\" \/>\n<\/svg>\n\n        <\/span>\n    <\/div>\n<\/div>\n                <\/li>\n                        <\/ul>\n<\/section>\n\n\n<div style=\"height: clamp(8rem, 8vw, 16rem);\" aria-hidden=\"true\"><\/div>\n","protected":false},"excerpt":{"rendered":"","protected":false},"author":1,"featured_media":173,"parent":0,"menu_order":0,"comment_status":"closed","ping_status":"closed","template":"","meta":{"_acf_changed":false,"inline_featured_image":false,"footnotes":""},"class_list":["post-623","page","type-page","status-publish","has-post-thumbnail","hentry"],"yoast_head":"<!-- This site is optimized with the Yoast SEO plugin v24.4 - https:\/\/yoast.com\/wordpress\/plugins\/seo\/ -->\n<title>Kariera - P.H. Agroma S.A. w Poznaniu<\/title>\n<meta name=\"robots\" content=\"index, follow, max-snippet:-1, max-image-preview:large, max-video-preview:-1\" \/>\n<link rel=\"canonical\" href=\"https:\/\/agroma-poznan.pl\/kariera\/\" \/>\n<meta property=\"og:locale\" content=\"pl_PL\" \/>\n<meta property=\"og:type\" content=\"article\" \/>\n<meta property=\"og:title\" content=\"Kariera - P.H. Agroma S.A. w Poznaniu\" \/>\n<meta property=\"og:url\" content=\"https:\/\/agroma-poznan.pl\/kariera\/\" \/>\n<meta property=\"og:site_name\" content=\"P.H. Agroma S.A. w Poznaniu\" \/>\n<meta property=\"article:modified_time\" content=\"2024-08-21T12:30:09+00:00\" \/>\n<meta property=\"og:image\" content=\"https:\/\/agroma-poznan.pl\/wp-content\/uploads\/2024\/06\/248112cfa79f843c34d11a48a03d5ba4.jpeg\" \/>\n\t<meta property=\"og:image:width\" content=\"1000\" \/>\n\t<meta property=\"og:image:height\" content=\"349\" \/>\n\t<meta property=\"og:image:type\" content=\"image\/jpeg\" \/>\n<meta name=\"twitter:card\" content=\"summary_large_image\" \/>\n<meta name=\"twitter:label1\" content=\"Szacowany czas czytania\" \/>\n\t<meta name=\"twitter:data1\" content=\"1 minuta\" \/>\n<script type=\"application\/ld+json\" class=\"yoast-schema-graph\">{\"@context\":\"https:\/\/schema.org\",\"@graph\":[{\"@type\":\"WebPage\",\"@id\":\"https:\/\/agroma-poznan.pl\/kariera\/\",\"url\":\"https:\/\/agroma-poznan.pl\/kariera\/\",\"name\":\"Kariera - P.H. Agroma S.A. w Poznaniu\",\"isPartOf\":{\"@id\":\"https:\/\/agroma-poznan.pl\/#website\"},\"primaryImageOfPage\":{\"@id\":\"https:\/\/agroma-poznan.pl\/kariera\/#primaryimage\"},\"image\":{\"@id\":\"https:\/\/agroma-poznan.pl\/kariera\/#primaryimage\"},\"thumbnailUrl\":\"https:\/\/agroma-poznan.pl\/wp-content\/uploads\/2024\/06\/248112cfa79f843c34d11a48a03d5ba4.jpeg\",\"datePublished\":\"2024-07-04T13:41:12+00:00\",\"dateModified\":\"2024-08-21T12:30:09+00:00\",\"breadcrumb\":{\"@id\":\"https:\/\/agroma-poznan.pl\/kariera\/#breadcrumb\"},\"inLanguage\":\"pl-PL\",\"potentialAction\":[{\"@type\":\"ReadAction\",\"target\":[\"https:\/\/agroma-poznan.pl\/kariera\/\"]}]},{\"@type\":\"ImageObject\",\"inLanguage\":\"pl-PL\",\"@id\":\"https:\/\/agroma-poznan.pl\/kariera\/#primaryimage\",\"url\":\"https:\/\/agroma-poznan.pl\/wp-content\/uploads\/2024\/06\/248112cfa79f843c34d11a48a03d5ba4.jpeg\",\"contentUrl\":\"https:\/\/agroma-poznan.pl\/wp-content\/uploads\/2024\/06\/248112cfa79f843c34d11a48a03d5ba4.jpeg\",\"width\":1000,\"height\":349},{\"@type\":\"BreadcrumbList\",\"@id\":\"https:\/\/agroma-poznan.pl\/kariera\/#breadcrumb\",\"itemListElement\":[{\"@type\":\"ListItem\",\"position\":1,\"name\":\"Strona g\u0142\u00f3wna\",\"item\":\"https:\/\/agroma-poznan.pl\/\"},{\"@type\":\"ListItem\",\"position\":2,\"name\":\"Kariera\"}]},{\"@type\":\"WebSite\",\"@id\":\"https:\/\/agroma-poznan.pl\/#website\",\"url\":\"https:\/\/agroma-poznan.pl\/\",\"name\":\"agroma-poznan\",\"description\":\"\",\"potentialAction\":[{\"@type\":\"SearchAction\",\"target\":{\"@type\":\"EntryPoint\",\"urlTemplate\":\"https:\/\/agroma-poznan.pl\/?s={search_term_string}\"},\"query-input\":{\"@type\":\"PropertyValueSpecification\",\"valueRequired\":true,\"valueName\":\"search_term_string\"}}],\"inLanguage\":\"pl-PL\"}]}<\/script>\n<!-- \/ Yoast SEO plugin. -->","yoast_head_json":{"title":"Kariera - P.H. Agroma S.A. w Poznaniu","robots":{"index":"index","follow":"follow","max-snippet":"max-snippet:-1","max-image-preview":"max-image-preview:large","max-video-preview":"max-video-preview:-1"},"canonical":"https:\/\/agroma-poznan.pl\/kariera\/","og_locale":"pl_PL","og_type":"article","og_title":"Kariera - P.H. Agroma S.A. w Poznaniu","og_url":"https:\/\/agroma-poznan.pl\/kariera\/","og_site_name":"P.H. Agroma S.A. w Poznaniu","article_modified_time":"2024-08-21T12:30:09+00:00","og_image":[{"width":1000,"height":349,"url":"https:\/\/agroma-poznan.pl\/wp-content\/uploads\/2024\/06\/248112cfa79f843c34d11a48a03d5ba4.jpeg","type":"image\/jpeg"}],"twitter_card":"summary_large_image","twitter_misc":{"Szacowany czas czytania":"1 minuta"},"schema":{"@context":"https:\/\/schema.org","@graph":[{"@type":"WebPage","@id":"https:\/\/agroma-poznan.pl\/kariera\/","url":"https:\/\/agroma-poznan.pl\/kariera\/","name":"Kariera - P.H. Agroma S.A. w Poznaniu","isPartOf":{"@id":"https:\/\/agroma-poznan.pl\/#website"},"primaryImageOfPage":{"@id":"https:\/\/agroma-poznan.pl\/kariera\/#primaryimage"},"image":{"@id":"https:\/\/agroma-poznan.pl\/kariera\/#primaryimage"},"thumbnailUrl":"https:\/\/agroma-poznan.pl\/wp-content\/uploads\/2024\/06\/248112cfa79f843c34d11a48a03d5ba4.jpeg","datePublished":"2024-07-04T13:41:12+00:00","dateModified":"2024-08-21T12:30:09+00:00","breadcrumb":{"@id":"https:\/\/agroma-poznan.pl\/kariera\/#breadcrumb"},"inLanguage":"pl-PL","potentialAction":[{"@type":"ReadAction","target":["https:\/\/agroma-poznan.pl\/kariera\/"]}]},{"@type":"ImageObject","inLanguage":"pl-PL","@id":"https:\/\/agroma-poznan.pl\/kariera\/#primaryimage","url":"https:\/\/agroma-poznan.pl\/wp-content\/uploads\/2024\/06\/248112cfa79f843c34d11a48a03d5ba4.jpeg","contentUrl":"https:\/\/agroma-poznan.pl\/wp-content\/uploads\/2024\/06\/248112cfa79f843c34d11a48a03d5ba4.jpeg","width":1000,"height":349},{"@type":"BreadcrumbList","@id":"https:\/\/agroma-poznan.pl\/kariera\/#breadcrumb","itemListElement":[{"@type":"ListItem","position":1,"name":"Strona g\u0142\u00f3wna","item":"https:\/\/agroma-poznan.pl\/"},{"@type":"ListItem","position":2,"name":"Kariera"}]},{"@type":"WebSite","@id":"https:\/\/agroma-poznan.pl\/#website","url":"https:\/\/agroma-poznan.pl\/","name":"agroma-poznan","description":"","potentialAction":[{"@type":"SearchAction","target":{"@type":"EntryPoint","urlTemplate":"https:\/\/agroma-poznan.pl\/?s={search_term_string}"},"query-input":{"@type":"PropertyValueSpecification","valueRequired":true,"valueName":"search_term_string"}}],"inLanguage":"pl-PL"}]}},"acf":[],"gutenberg_blocks":[{"blockName":"custom-styles","attrs":{"styles":""}},{"blockName":"acf\/hero","attrs":{"name":"acf\/hero","data":{"variant":"medium","_variant":"field_6679377945469","heading_heading_text":"","_heading_heading_text":"field_638627ccced84","heading_heading_level":"h2","_heading_heading_level":"field_638627e7ced85","heading_heading_variant":"default","_heading_heading_variant":"field_63862847ced86","heading_extra_classes":"","_heading_extra_classes":"field_638628eeced88","heading":"","_heading":"field_667937b24546a","bg_variant":"image","_bg_variant":"field_667938294546f","image":2080,"_image":"field_667937e14546d"},"mode":"edit"},"innerBlocks":[],"innerHTML":"","innerContent":[]},{"blockName":"acf\/separator","attrs":{"name":"acf\/separator","data":{"separator_values_min":"80","_separator_values_min":"field_659d1d0e47ee6","separator_values_max":"160","_separator_values_max":"field_659d1d4547ee7","separator_values":"","_separator_values":"field_659d261a7f4e0"},"mode":"edit"},"innerBlocks":[],"innerHTML":"","innerContent":[]},{"blockName":"acf\/job-offers-grid","attrs":{"name":"acf\/job-offers-grid","data":{"heading_heading_text":"Aktualne oferty pracy","_heading_heading_text":"field_638627ccced84","heading_heading_level":"h2","_heading_heading_level":"field_638627e7ced85","heading_heading_variant":"default","_heading_heading_variant":"field_63862847ced86","heading_extra_classes":"","_heading_extra_classes":"field_638628eeced88","heading":"","_heading":"field_6686a8ab17376","description":"W tej chwili prowadzimy rekrutacj\u0119 na wymienione poni\u017cej stanowiska. Prosimy o przes\u0142anie aplikacji poprzez formularz w danej ofercie pracy.","_description":"field_6686a8c517377","max_shown_job_offers":"6","_max_shown_job_offers":"field_6686a90e1737b","job_offers_sort":"desc","_job_offers_sort":"field_6686a9731737c"},"mode":"edit"},"innerBlocks":[],"innerHTML":"","innerContent":[]},{"blockName":"acf\/separator","attrs":{"name":"acf\/separator","data":{"separator_values_min":"80","_separator_values_min":"field_659d1d0e47ee6","separator_values_max":"160","_separator_values_max":"field_659d1d4547ee7","separator_values":"","_separator_values":"field_659d261a7f4e0"},"mode":"edit"},"innerBlocks":[],"innerHTML":"","innerContent":[]}],"meta_data":{"container":""},"_links":{"self":[{"href":"https:\/\/agroma-poznan.pl\/index.php\/wp-json\/wp\/v2\/pages\/623","targetHints":{"allow":["GET"]}}],"collection":[{"href":"https:\/\/agroma-poznan.pl\/index.php\/wp-json\/wp\/v2\/pages"}],"about":[{"href":"https:\/\/agroma-poznan.pl\/index.php\/wp-json\/wp\/v2\/types\/page"}],"author":[{"embeddable":true,"href":"https:\/\/agroma-poznan.pl\/index.php\/wp-json\/wp\/v2\/users\/1"}],"replies":[{"embeddable":true,"href":"https:\/\/agroma-poznan.pl\/index.php\/wp-json\/wp\/v2\/comments?post=623"}],"version-history":[{"count":10,"href":"https:\/\/agroma-poznan.pl\/index.php\/wp-json\/wp\/v2\/pages\/623\/revisions"}],"predecessor-version":[{"id":3645,"href":"https:\/\/agroma-poznan.pl\/index.php\/wp-json\/wp\/v2\/pages\/623\/revisions\/3645"}],"wp:featuredmedia":[{"embeddable":true,"href":"https:\/\/agroma-poznan.pl\/index.php\/wp-json\/wp\/v2\/media\/173"}],"wp:attachment":[{"href":"https:\/\/agroma-poznan.pl\/index.php\/wp-json\/wp\/v2\/media?parent=623"}],"curies":[{"name":"wp","href":"https:\/\/api.w.org\/{rel}","templated":true}]}}